{"id":230,"date":"2023-04-06T14:57:21","date_gmt":"2023-04-06T12:57:21","guid":{"rendered":"https:\/\/www.beachblanquettebabylon.com\/?page_id=230"},"modified":"2023-12-04T15:05:22","modified_gmt":"2023-12-04T14:05:22","slug":"le-cafe","status":"publish","type":"page","link":"https:\/\/www.beachblanquettebabylon.com\/index.php\/le-cafe\/","title":{"rendered":"Le Caf\u00e9"},"content":{"rendered":"\t\t<div data-elementor-type=\"wp-page\" data-elementor-id=\"230\" class=\"elementor elementor-230\" data-elementor-post-type=\"page\">\n\t\t\t\t\t\t<section class=\"elementor-section elementor-top-section elementor-element elementor-element-4bafbcc elementor-section-full_width elementor-section-height-default elementor-section-height-default\" data-id=\"4bafbcc\" data-element_type=\"section\" data-settings=\"{&quot;background_background&quot;:&quot;classic&quot;}\">\n\t\t\t\t\t\t\t<div class=\"elementor-background-overlay\"><\/div>\n\t\t\t\t\t\t\t<div class=\"elementor-container elementor-column-gap-extended\">\n\t\t\t\t\t<div class=\"elementor-column elementor-col-100 elementor-top-column elementor-element elementor-element-5d48f29\" data-id=\"5d48f29\" data-element_type=\"column\">\n\t\t\t<div class=\"elementor-widget-wrap\">\n\t\t\t\t\t\t\t<\/div>\n\t\t<\/div>\n\t\t\t\t\t<\/div>\n\t\t<\/section>\n\t\t\t\t<section class=\"elementor-section elementor-top-section elementor-element elementor-element-96cb763 elementor-section-full_width elementor-section-content-middle elementor-section-height-default elementor-section-height-default\" data-id=\"96cb763\" data-element_type=\"section\" data-settings=\"{&quot;background_background&quot;:&quot;classic&quot;}\">\n\t\t\t\t\t\t<div class=\"elementor-container elementor-column-gap-wide\">\n\t\t\t\t\t<div class=\"elementor-column elementor-col-50 elementor-top-column elementor-element elementor-element-31c9dd5\" data-id=\"31c9dd5\" data-element_type=\"column\" data-settings=\"{&quot;background_background&quot;:&quot;classic&quot;}\">\n\t\t\t<div class=\"elementor-widget-wrap elementor-element-populated\">\n\t\t\t\t\t\t<div class=\"elementor-element elementor-element-496f23d elementor-widget elementor-widget-image\" data-id=\"496f23d\" data-element_type=\"widget\" data-widget_type=\"image.default\">\n\t\t\t\t<div class=\"elementor-widget-container\">\n\t\t\t\t\t\t\t\t\t\t\t\t\t\t\t\t<a href=\"https:\/\/www.beachblanquettebabylon.com\/\">\n\t\t\t\t\t\t\t<img fetchpriority=\"high\" decoding=\"async\" width=\"469\" height=\"215\" src=\"https:\/\/www.beachblanquettebabylon.com\/wp-content\/uploads\/2023\/04\/logo.png\" class=\"attachment-large size-large wp-image-115\" alt=\"\" srcset=\"https:\/\/www.beachblanquettebabylon.com\/wp-content\/uploads\/2023\/04\/logo.png 469w, https:\/\/www.beachblanquettebabylon.com\/wp-content\/uploads\/2023\/04\/logo-300x138.png 300w\" sizes=\"(max-width: 469px) 100vw, 469px\" \/>\t\t\t\t\t\t\t\t<\/a>\n\t\t\t\t\t\t\t\t\t\t\t\t\t\t\t<\/div>\n\t\t\t\t<\/div>\n\t\t\t\t\t<\/div>\n\t\t<\/div>\n\t\t\t\t<div class=\"elementor-column elementor-col-50 elementor-top-column elementor-element elementor-element-07384af\" data-id=\"07384af\" data-element_type=\"column\" data-settings=\"{&quot;background_background&quot;:&quot;classic&quot;}\">\n\t\t\t<div class=\"elementor-widget-wrap elementor-element-populated\">\n\t\t\t\t\t\t<div class=\"elementor-element elementor-element-56c1963 elementor-hidden-mobile elementor-widget elementor-widget-text-editor\" data-id=\"56c1963\" data-element_type=\"widget\" data-widget_type=\"text-editor.default\">\n\t\t\t\t<div class=\"elementor-widget-container\">\n\t\t\t\t\t\t\t\t\t<p>vintage is in the air<\/p>\t\t\t\t\t\t\t\t<\/div>\n\t\t\t\t<\/div>\n\t\t\t\t\t<\/div>\n\t\t<\/div>\n\t\t\t\t\t<\/div>\n\t\t<\/section>\n\t\t\t\t<section class=\"elementor-section elementor-top-section elementor-element elementor-element-aa671c6 elementor-section-boxed elementor-section-height-default elementor-section-height-default\" data-id=\"aa671c6\" data-element_type=\"section\">\n\t\t\t\t\t\t<div class=\"elementor-container elementor-column-gap-default\">\n\t\t\t\t\t<div class=\"elementor-column elementor-col-100 elementor-top-column elementor-element elementor-element-202d868\" data-id=\"202d868\" data-element_type=\"column\">\n\t\t\t<div class=\"elementor-widget-wrap elementor-element-populated\">\n\t\t\t\t\t\t<div class=\"elementor-element elementor-element-6d4ff1c elementor-widget elementor-widget-image\" data-id=\"6d4ff1c\" data-element_type=\"widget\" data-widget_type=\"image.default\">\n\t\t\t\t<div class=\"elementor-widget-container\">\n\t\t\t\t\t\t\t\t\t\t\t\t\t\t\t<img decoding=\"async\" width=\"296\" height=\"219\" src=\"https:\/\/www.beachblanquettebabylon.com\/wp-content\/uploads\/2023\/04\/Groupe-626.svg\" class=\"attachment-medium size-medium wp-image-1589\" alt=\"\" \/>\t\t\t\t\t\t\t\t\t\t\t\t\t\t\t<\/div>\n\t\t\t\t<\/div>\n\t\t\t\t\t<\/div>\n\t\t<\/div>\n\t\t\t\t\t<\/div>\n\t\t<\/section>\n\t\t\t\t<section class=\"elementor-section elementor-top-section elementor-element elementor-element-78bd4c3 elementor-section-boxed elementor-section-height-default elementor-section-height-default\" data-id=\"78bd4c3\" data-element_type=\"section\">\n\t\t\t\t\t\t<div class=\"elementor-container elementor-column-gap-default\">\n\t\t\t\t\t<div class=\"elementor-column elementor-col-100 elementor-top-column elementor-element elementor-element-1939e84\" data-id=\"1939e84\" data-element_type=\"column\">\n\t\t\t<div class=\"elementor-widget-wrap elementor-element-populated\">\n\t\t\t\t\t\t<div class=\"elementor-element elementor-element-b78f05a elementor-widget elementor-widget-heading\" data-id=\"b78f05a\" data-element_type=\"widget\" data-widget_type=\"heading.default\">\n\t\t\t\t<div class=\"elementor-widget-container\">\n\t\t\t\t\t<h1 class=\"elementor-heading-title elementor-size-default\">Le Caf\u00e9<\/h1>\t\t\t\t<\/div>\n\t\t\t\t<\/div>\n\t\t\t\t<div class=\"elementor-element elementor-element-c565e8d elementor-widget elementor-widget-text-editor\" data-id=\"c565e8d\" data-element_type=\"widget\" data-widget_type=\"text-editor.default\">\n\t\t\t\t<div class=\"elementor-widget-container\">\n\t\t\t\t\t\t\t\t\t<p>Notre petit plus\u2026 Un caf\u00e9 de sp\u00e9cialit\u00e9 qui change au fil des saisons et chaque jour, des g\u00e2teaux faits maison, rien que pour vous.<\/p>\t\t\t\t\t\t\t\t<\/div>\n\t\t\t\t<\/div>\n\t\t\t\t\t<\/div>\n\t\t<\/div>\n\t\t\t\t\t<\/div>\n\t\t<\/section>\n\t\t\t\t<section class=\"elementor-section elementor-top-section elementor-element elementor-element-819297f elementor-section-full_width elementor-section-height-default elementor-section-height-default\" data-id=\"819297f\" data-element_type=\"section\">\n\t\t\t\t\t\t<div class=\"elementor-container elementor-column-gap-default\">\n\t\t\t\t\t<div class=\"elementor-column elementor-col-100 elementor-top-column elementor-element elementor-element-0707347\" data-id=\"0707347\" data-element_type=\"column\" data-settings=\"{&quot;background_background&quot;:&quot;classic&quot;}\">\n\t\t\t<div class=\"elementor-widget-wrap elementor-element-populated\">\n\t\t\t\t\t\t<div class=\"elementor-element elementor-element-36720b6 elementor-widget elementor-widget-spacer\" data-id=\"36720b6\" data-element_type=\"widget\" data-widget_type=\"spacer.default\">\n\t\t\t\t<div class=\"elementor-widget-container\">\n\t\t\t\t\t\t\t<div class=\"elementor-spacer\">\n\t\t\t<div class=\"elementor-spacer-inner\"><\/div>\n\t\t<\/div>\n\t\t\t\t\t\t<\/div>\n\t\t\t\t<\/div>\n\t\t\t\t\t<\/div>\n\t\t<\/div>\n\t\t\t\t\t<\/div>\n\t\t<\/section>\n\t\t\t\t<section class=\"elementor-section elementor-top-section elementor-element elementor-element-bd98a13 elementor-section-boxed elementor-section-height-default elementor-section-height-default\" data-id=\"bd98a13\" data-element_type=\"section\">\n\t\t\t\t\t\t<div class=\"elementor-container elementor-column-gap-default\">\n\t\t\t\t\t<div class=\"elementor-column elementor-col-50 elementor-top-column elementor-element elementor-element-1038a8d\" data-id=\"1038a8d\" data-element_type=\"column\" data-settings=\"{&quot;background_background&quot;:&quot;classic&quot;}\">\n\t\t\t<div class=\"elementor-widget-wrap elementor-element-populated\">\n\t\t\t\t\t\t<div class=\"elementor-element elementor-element-0863e34 elementor-widget elementor-widget-image\" data-id=\"0863e34\" data-element_type=\"widget\" data-widget_type=\"image.default\">\n\t\t\t\t<div class=\"elementor-widget-container\">\n\t\t\t\t\t\t\t\t\t\t\t\t\t\t\t<img decoding=\"async\" width=\"526\" height=\"571\" src=\"https:\/\/www.beachblanquettebabylon.com\/wp-content\/uploads\/2023\/06\/Beach-blanquette-babylon-cafe-cuisisne.webp\" class=\"attachment-full size-full wp-image-4242\" alt=\"\" srcset=\"https:\/\/www.beachblanquettebabylon.com\/wp-content\/uploads\/2023\/06\/Beach-blanquette-babylon-cafe-cuisisne.webp 526w, https:\/\/www.beachblanquettebabylon.com\/wp-content\/uploads\/2023\/06\/Beach-blanquette-babylon-cafe-cuisisne-276x300.webp 276w\" sizes=\"(max-width: 526px) 100vw, 526px\" \/>\t\t\t\t\t\t\t\t\t\t\t\t\t\t\t<\/div>\n\t\t\t\t<\/div>\n\t\t\t\t\t<\/div>\n\t\t<\/div>\n\t\t\t\t<div class=\"elementor-column elementor-col-50 elementor-top-column elementor-element elementor-element-1d65fa0\" data-id=\"1d65fa0\" data-element_type=\"column\">\n\t\t\t<div class=\"elementor-widget-wrap elementor-element-populated\">\n\t\t\t\t\t\t<div class=\"elementor-element elementor-element-07479c2 elementor-widget elementor-widget-heading\" data-id=\"07479c2\" data-element_type=\"widget\" data-widget_type=\"heading.default\">\n\t\t\t\t<div class=\"elementor-widget-container\">\n\t\t\t\t\t<h2 class=\"elementor-heading-title elementor-size-default\">Besoin d'une pause ?<\/h2>\t\t\t\t<\/div>\n\t\t\t\t<\/div>\n\t\t\t\t<div class=\"elementor-element elementor-element-ab9fe56 elementor-widget elementor-widget-text-editor\" data-id=\"ab9fe56\" data-element_type=\"widget\" data-widget_type=\"text-editor.default\">\n\t\t\t\t<div class=\"elementor-widget-container\">\n\t\t\t\t\t\t\t\t\t<p>Aujourd\u2019hui, nous vous proposons &#8230;<\/p>\t\t\t\t\t\t\t\t<\/div>\n\t\t\t\t<\/div>\n\t\t\t\t\t<\/div>\n\t\t<\/div>\n\t\t\t\t\t<\/div>\n\t\t<\/section>\n\t\t\t\t<section class=\"elementor-section elementor-top-section elementor-element elementor-element-88aed77 elementor-section-boxed elementor-section-height-default elementor-section-height-default\" data-id=\"88aed77\" data-element_type=\"section\">\n\t\t\t\t\t\t<div class=\"elementor-container elementor-column-gap-default\">\n\t\t\t\t\t<div class=\"elementor-column elementor-col-100 elementor-top-column elementor-element elementor-element-83285b9\" data-id=\"83285b9\" data-element_type=\"column\">\n\t\t\t<div class=\"elementor-widget-wrap elementor-element-populated\">\n\t\t\t\t\t\t<div class=\"elementor-element elementor-element-c4b1ee8 elementor-widget elementor-widget-image\" data-id=\"c4b1ee8\" data-element_type=\"widget\" data-widget_type=\"image.default\">\n\t\t\t\t<div class=\"elementor-widget-container\">\n\t\t\t\t\t\t\t\t\t\t\t\t\t\t\t<img loading=\"lazy\" decoding=\"async\" width=\"72\" height=\"223\" src=\"https:\/\/www.beachblanquettebabylon.com\/wp-content\/uploads\/2023\/04\/Groupe-632.svg\" class=\"attachment-large size-large wp-image-2702\" alt=\"\" \/>\t\t\t\t\t\t\t\t\t\t\t\t\t\t\t<\/div>\n\t\t\t\t<\/div>\n\t\t\t\t\t<\/div>\n\t\t<\/div>\n\t\t\t\t\t<\/div>\n\t\t<\/section>\n\t\t\t\t<\/div>\n\t\t","protected":false},"excerpt":{"rendered":"<p>vintage is in the air Le Caf\u00e9 Notre petit plus\u2026 Un caf\u00e9 de sp\u00e9cialit\u00e9 qui change au fil des saisons et chaque jour, des g\u00e2teaux faits maison, rien que pour vous. Besoin d&rsquo;une pause ? Aujourd\u2019hui, nous vous proposons &#8230;<\/p>\n","protected":false},"author":2,"featured_media":0,"parent":0,"menu_order":0,"comment_status":"closed","ping_status":"closed","template":"","meta":{"footnotes":""},"class_list":["post-230","page","type-page","status-publish","hentry"],"yoast_head":"<!-- This site is optimized with the Yoast SEO plugin v25.3 - https:\/\/yoast.com\/wordpress\/plugins\/seo\/ -->\n<title>Le Caf\u00e9 - Beach Blanquette Babylon<\/title>\n<meta name=\"description\" content=\"Besoin d&#039;une pause ? Le Caf\u00e9 est la pour vous ! Aujourd&#039;hui, nous vous proposons...\" \/>\n<meta name=\"robots\" content=\"index, follow, max-snippet:-1, max-image-preview:large, max-video-preview:-1\" \/>\n<link rel=\"canonical\" href=\"https:\/\/www.beachblanquettebabylon.com\/index.php\/accueil__trashed\/le-cafe\/\" \/>\n<meta property=\"og:locale\" content=\"fr_FR\" \/>\n<meta property=\"og:type\" content=\"article\" \/>\n<meta property=\"og:title\" content=\"Le Caf\u00e9 - Beach Blanquette Babylon\" \/>\n<meta property=\"og:description\" content=\"Besoin d&#039;une pause ? Le Caf\u00e9 est la pour vous ! Aujourd&#039;hui, nous vous proposons...\" \/>\n<meta property=\"og:url\" content=\"https:\/\/www.beachblanquettebabylon.com\/index.php\/accueil__trashed\/le-cafe\/\" \/>\n<meta property=\"og:site_name\" content=\"Beach Blanquette Babylon\" \/>\n<meta property=\"article:modified_time\" content=\"2023-12-04T14:05:22+00:00\" \/>\n<meta property=\"og:image\" content=\"https:\/\/www.beachblanquettebabylon.com\/wp-content\/uploads\/2023\/04\/logo.png\" \/>\n<meta name=\"twitter:card\" content=\"summary_large_image\" \/>\n<meta name=\"twitter:label1\" content=\"Dur\u00e9e de lecture estim\u00e9e\" \/>\n\t<meta name=\"twitter:data1\" content=\"1 minute\" \/>\n<script type=\"application\/ld+json\" class=\"yoast-schema-graph\">{\"@context\":\"https:\/\/schema.org\",\"@graph\":[{\"@type\":\"WebPage\",\"@id\":\"https:\/\/www.beachblanquettebabylon.com\/index.php\/accueil__trashed\/le-cafe\/\",\"url\":\"https:\/\/www.beachblanquettebabylon.com\/index.php\/accueil__trashed\/le-cafe\/\",\"name\":\"Le Caf\u00e9 - Beach Blanquette Babylon\",\"isPartOf\":{\"@id\":\"https:\/\/www.beachblanquettebabylon.com\/#website\"},\"primaryImageOfPage\":{\"@id\":\"https:\/\/www.beachblanquettebabylon.com\/index.php\/accueil__trashed\/le-cafe\/#primaryimage\"},\"image\":{\"@id\":\"https:\/\/www.beachblanquettebabylon.com\/index.php\/accueil__trashed\/le-cafe\/#primaryimage\"},\"thumbnailUrl\":\"https:\/\/www.beachblanquettebabylon.com\/wp-content\/uploads\/2023\/04\/logo.png\",\"datePublished\":\"2023-04-06T12:57:21+00:00\",\"dateModified\":\"2023-12-04T14:05:22+00:00\",\"description\":\"Besoin d'une pause ? Le Caf\u00e9 est la pour vous ! Aujourd'hui, nous vous proposons...\",\"breadcrumb\":{\"@id\":\"https:\/\/www.beachblanquettebabylon.com\/index.php\/accueil__trashed\/le-cafe\/#breadcrumb\"},\"inLanguage\":\"fr-FR\",\"potentialAction\":[{\"@type\":\"ReadAction\",\"target\":[\"https:\/\/www.beachblanquettebabylon.com\/index.php\/accueil__trashed\/le-cafe\/\"]}]},{\"@type\":\"ImageObject\",\"inLanguage\":\"fr-FR\",\"@id\":\"https:\/\/www.beachblanquettebabylon.com\/index.php\/accueil__trashed\/le-cafe\/#primaryimage\",\"url\":\"https:\/\/www.beachblanquettebabylon.com\/wp-content\/uploads\/2023\/04\/logo.png\",\"contentUrl\":\"https:\/\/www.beachblanquettebabylon.com\/wp-content\/uploads\/2023\/04\/logo.png\",\"width\":469,\"height\":215},{\"@type\":\"BreadcrumbList\",\"@id\":\"https:\/\/www.beachblanquettebabylon.com\/index.php\/accueil__trashed\/le-cafe\/#breadcrumb\",\"itemListElement\":[{\"@type\":\"ListItem\",\"position\":1,\"name\":\"Accueil\",\"item\":\"https:\/\/www.beachblanquettebabylon.com\/\"},{\"@type\":\"ListItem\",\"position\":2,\"name\":\"Le Caf\u00e9\"}]},{\"@type\":\"WebSite\",\"@id\":\"https:\/\/www.beachblanquettebabylon.com\/#website\",\"url\":\"https:\/\/www.beachblanquettebabylon.com\/\",\"name\":\"Beach Blanquette Babylon\",\"description\":\"Vintage is in the air !\",\"publisher\":{\"@id\":\"https:\/\/www.beachblanquettebabylon.com\/#organization\"},\"potentialAction\":[{\"@type\":\"SearchAction\",\"target\":{\"@type\":\"EntryPoint\",\"urlTemplate\":\"https:\/\/www.beachblanquettebabylon.com\/?s={search_term_string}\"},\"query-input\":{\"@type\":\"PropertyValueSpecification\",\"valueRequired\":true,\"valueName\":\"search_term_string\"}}],\"inLanguage\":\"fr-FR\"},{\"@type\":\"Organization\",\"@id\":\"https:\/\/www.beachblanquettebabylon.com\/#organization\",\"name\":\"Beach Blanquette Babylon\",\"url\":\"https:\/\/www.beachblanquettebabylon.com\/\",\"logo\":{\"@type\":\"ImageObject\",\"inLanguage\":\"fr-FR\",\"@id\":\"https:\/\/www.beachblanquettebabylon.com\/#\/schema\/logo\/image\/\",\"url\":\"https:\/\/www.beachblanquettebabylon.com\/wp-content\/uploads\/2023\/04\/cropped-logo.png\",\"contentUrl\":\"https:\/\/www.beachblanquettebabylon.com\/wp-content\/uploads\/2023\/04\/cropped-logo.png\",\"width\":469,\"height\":215,\"caption\":\"Beach Blanquette Babylon\"},\"image\":{\"@id\":\"https:\/\/www.beachblanquettebabylon.com\/#\/schema\/logo\/image\/\"}}]}<\/script>\n<!-- \/ Yoast SEO plugin. -->","yoast_head_json":{"title":"Le Caf\u00e9 - Beach Blanquette Babylon","description":"Besoin d'une pause ? Le Caf\u00e9 est la pour vous ! Aujourd'hui, nous vous proposons...","robots":{"index":"index","follow":"follow","max-snippet":"max-snippet:-1","max-image-preview":"max-image-preview:large","max-video-preview":"max-video-preview:-1"},"canonical":"https:\/\/www.beachblanquettebabylon.com\/index.php\/accueil__trashed\/le-cafe\/","og_locale":"fr_FR","og_type":"article","og_title":"Le Caf\u00e9 - Beach Blanquette Babylon","og_description":"Besoin d'une pause ? Le Caf\u00e9 est la pour vous ! Aujourd'hui, nous vous proposons...","og_url":"https:\/\/www.beachblanquettebabylon.com\/index.php\/accueil__trashed\/le-cafe\/","og_site_name":"Beach Blanquette Babylon","article_modified_time":"2023-12-04T14:05:22+00:00","og_image":[{"url":"https:\/\/www.beachblanquettebabylon.com\/wp-content\/uploads\/2023\/04\/logo.png","type":"","width":"","height":""}],"twitter_card":"summary_large_image","twitter_misc":{"Dur\u00e9e de lecture estim\u00e9e":"1 minute"},"schema":{"@context":"https:\/\/schema.org","@graph":[{"@type":"WebPage","@id":"https:\/\/www.beachblanquettebabylon.com\/index.php\/accueil__trashed\/le-cafe\/","url":"https:\/\/www.beachblanquettebabylon.com\/index.php\/accueil__trashed\/le-cafe\/","name":"Le Caf\u00e9 - Beach Blanquette Babylon","isPartOf":{"@id":"https:\/\/www.beachblanquettebabylon.com\/#website"},"primaryImageOfPage":{"@id":"https:\/\/www.beachblanquettebabylon.com\/index.php\/accueil__trashed\/le-cafe\/#primaryimage"},"image":{"@id":"https:\/\/www.beachblanquettebabylon.com\/index.php\/accueil__trashed\/le-cafe\/#primaryimage"},"thumbnailUrl":"https:\/\/www.beachblanquettebabylon.com\/wp-content\/uploads\/2023\/04\/logo.png","datePublished":"2023-04-06T12:57:21+00:00","dateModified":"2023-12-04T14:05:22+00:00","description":"Besoin d'une pause ? Le Caf\u00e9 est la pour vous ! Aujourd'hui, nous vous proposons...","breadcrumb":{"@id":"https:\/\/www.beachblanquettebabylon.com\/index.php\/accueil__trashed\/le-cafe\/#breadcrumb"},"inLanguage":"fr-FR","potentialAction":[{"@type":"ReadAction","target":["https:\/\/www.beachblanquettebabylon.com\/index.php\/accueil__trashed\/le-cafe\/"]}]},{"@type":"ImageObject","inLanguage":"fr-FR","@id":"https:\/\/www.beachblanquettebabylon.com\/index.php\/accueil__trashed\/le-cafe\/#primaryimage","url":"https:\/\/www.beachblanquettebabylon.com\/wp-content\/uploads\/2023\/04\/logo.png","contentUrl":"https:\/\/www.beachblanquettebabylon.com\/wp-content\/uploads\/2023\/04\/logo.png","width":469,"height":215},{"@type":"BreadcrumbList","@id":"https:\/\/www.beachblanquettebabylon.com\/index.php\/accueil__trashed\/le-cafe\/#breadcrumb","itemListElement":[{"@type":"ListItem","position":1,"name":"Accueil","item":"https:\/\/www.beachblanquettebabylon.com\/"},{"@type":"ListItem","position":2,"name":"Le Caf\u00e9"}]},{"@type":"WebSite","@id":"https:\/\/www.beachblanquettebabylon.com\/#website","url":"https:\/\/www.beachblanquettebabylon.com\/","name":"Beach Blanquette Babylon","description":"Vintage is in the air !","publisher":{"@id":"https:\/\/www.beachblanquettebabylon.com\/#organization"},"potentialAction":[{"@type":"SearchAction","target":{"@type":"EntryPoint","urlTemplate":"https:\/\/www.beachblanquettebabylon.com\/?s={search_term_string}"},"query-input":{"@type":"PropertyValueSpecification","valueRequired":true,"valueName":"search_term_string"}}],"inLanguage":"fr-FR"},{"@type":"Organization","@id":"https:\/\/www.beachblanquettebabylon.com\/#organization","name":"Beach Blanquette Babylon","url":"https:\/\/www.beachblanquettebabylon.com\/","logo":{"@type":"ImageObject","inLanguage":"fr-FR","@id":"https:\/\/www.beachblanquettebabylon.com\/#\/schema\/logo\/image\/","url":"https:\/\/www.beachblanquettebabylon.com\/wp-content\/uploads\/2023\/04\/cropped-logo.png","contentUrl":"https:\/\/www.beachblanquettebabylon.com\/wp-content\/uploads\/2023\/04\/cropped-logo.png","width":469,"height":215,"caption":"Beach Blanquette Babylon"},"image":{"@id":"https:\/\/www.beachblanquettebabylon.com\/#\/schema\/logo\/image\/"}}]}},"_links":{"self":[{"href":"https:\/\/www.beachblanquettebabylon.com\/index.php\/wp-json\/wp\/v2\/pages\/230","targetHints":{"allow":["GET"]}}],"collection":[{"href":"https:\/\/www.beachblanquettebabylon.com\/index.php\/wp-json\/wp\/v2\/pages"}],"about":[{"href":"https:\/\/www.beachblanquettebabylon.com\/index.php\/wp-json\/wp\/v2\/types\/page"}],"author":[{"embeddable":true,"href":"https:\/\/www.beachblanquettebabylon.com\/index.php\/wp-json\/wp\/v2\/users\/2"}],"replies":[{"embeddable":true,"href":"https:\/\/www.beachblanquettebabylon.com\/index.php\/wp-json\/wp\/v2\/comments?post=230"}],"version-history":[{"count":348,"href":"https:\/\/www.beachblanquettebabylon.com\/index.php\/wp-json\/wp\/v2\/pages\/230\/revisions"}],"predecessor-version":[{"id":5199,"href":"https:\/\/www.beachblanquettebabylon.com\/index.php\/wp-json\/wp\/v2\/pages\/230\/revisions\/5199"}],"wp:attachment":[{"href":"https:\/\/www.beachblanquettebabylon.com\/index.php\/wp-json\/wp\/v2\/media?parent=230"}],"curies":[{"name":"wp","href":"https:\/\/api.w.org\/{rel}","templated":true}]}}