{"id":365,"date":"2023-04-07T09:04:01","date_gmt":"2023-04-07T07:04:01","guid":{"rendered":"https:\/\/www.beachblanquettebabylon.com\/?page_id=365"},"modified":"2024-01-29T12:18:01","modified_gmt":"2024-01-29T11:18:01","slug":"evenements","status":"publish","type":"page","link":"https:\/\/www.beachblanquettebabylon.com\/index.php\/evenements\/","title":{"rendered":"\u00c9v\u00e8nements"},"content":{"rendered":"\t\t<div data-elementor-type=\"wp-page\" data-elementor-id=\"365\" class=\"elementor elementor-365\" data-elementor-post-type=\"page\">\n\t\t\t\t\t\t<section class=\"elementor-section elementor-top-section elementor-element elementor-element-f59161f elementor-section-full_width elementor-section-height-default elementor-section-height-default\" data-id=\"f59161f\" data-element_type=\"section\" data-settings=\"{&quot;background_background&quot;:&quot;classic&quot;}\">\n\t\t\t\t\t\t\t<div class=\"elementor-background-overlay\"><\/div>\n\t\t\t\t\t\t\t<div class=\"elementor-container elementor-column-gap-extended\">\n\t\t\t\t\t<div class=\"elementor-column elementor-col-100 elementor-top-column elementor-element elementor-element-7635c98\" data-id=\"7635c98\" data-element_type=\"column\">\n\t\t\t<div class=\"elementor-widget-wrap\">\n\t\t\t\t\t\t\t<\/div>\n\t\t<\/div>\n\t\t\t\t\t<\/div>\n\t\t<\/section>\n\t\t\t\t<section class=\"elementor-section elementor-top-section elementor-element elementor-element-52885c6 elementor-section-full_width elementor-section-content-middle elementor-section-height-default elementor-section-height-default\" data-id=\"52885c6\" data-element_type=\"section\" data-settings=\"{&quot;background_background&quot;:&quot;classic&quot;}\">\n\t\t\t\t\t\t<div class=\"elementor-container elementor-column-gap-wide\">\n\t\t\t\t\t<div class=\"elementor-column elementor-col-50 elementor-top-column elementor-element elementor-element-65ca43e\" data-id=\"65ca43e\" data-element_type=\"column\" data-settings=\"{&quot;background_background&quot;:&quot;classic&quot;}\">\n\t\t\t<div class=\"elementor-widget-wrap elementor-element-populated\">\n\t\t\t\t\t\t<div class=\"elementor-element elementor-element-0c266c7 elementor-widget elementor-widget-image\" data-id=\"0c266c7\" data-element_type=\"widget\" data-widget_type=\"image.default\">\n\t\t\t\t<div class=\"elementor-widget-container\">\n\t\t\t\t\t\t\t\t\t\t\t\t\t\t\t\t<a href=\"https:\/\/www.beachblanquettebabylon.com\/\">\n\t\t\t\t\t\t\t<img fetchpriority=\"high\" decoding=\"async\" width=\"469\" height=\"215\" src=\"https:\/\/www.beachblanquettebabylon.com\/wp-content\/uploads\/2023\/04\/logo.png\" class=\"attachment-large size-large wp-image-115\" alt=\"\" srcset=\"https:\/\/www.beachblanquettebabylon.com\/wp-content\/uploads\/2023\/04\/logo.png 469w, https:\/\/www.beachblanquettebabylon.com\/wp-content\/uploads\/2023\/04\/logo-300x138.png 300w\" sizes=\"(max-width: 469px) 100vw, 469px\" \/>\t\t\t\t\t\t\t\t<\/a>\n\t\t\t\t\t\t\t\t\t\t\t\t\t\t\t<\/div>\n\t\t\t\t<\/div>\n\t\t\t\t\t<\/div>\n\t\t<\/div>\n\t\t\t\t<div class=\"elementor-column elementor-col-50 elementor-top-column elementor-element elementor-element-e86e2d0\" data-id=\"e86e2d0\" data-element_type=\"column\" data-settings=\"{&quot;background_background&quot;:&quot;classic&quot;}\">\n\t\t\t<div class=\"elementor-widget-wrap elementor-element-populated\">\n\t\t\t\t\t\t<div class=\"elementor-element elementor-element-e9ddb21 elementor-hidden-mobile elementor-widget elementor-widget-text-editor\" data-id=\"e9ddb21\" data-element_type=\"widget\" data-widget_type=\"text-editor.default\">\n\t\t\t\t<div class=\"elementor-widget-container\">\n\t\t\t\t\t\t\t\t\t<p>vintage is in the air<\/p>\t\t\t\t\t\t\t\t<\/div>\n\t\t\t\t<\/div>\n\t\t\t\t\t<\/div>\n\t\t<\/div>\n\t\t\t\t\t<\/div>\n\t\t<\/section>\n\t\t\t\t<section class=\"elementor-section elementor-top-section elementor-element elementor-element-e9b6fc4 elementor-section-boxed elementor-section-height-default elementor-section-height-default\" data-id=\"e9b6fc4\" data-element_type=\"section\">\n\t\t\t\t\t\t<div class=\"elementor-container elementor-column-gap-default\">\n\t\t\t\t\t<div class=\"elementor-column elementor-col-100 elementor-top-column elementor-element elementor-element-6386ad5\" data-id=\"6386ad5\" data-element_type=\"column\">\n\t\t\t<div class=\"elementor-widget-wrap elementor-element-populated\">\n\t\t\t\t\t\t<div class=\"elementor-element elementor-element-7e951be elementor-widget elementor-widget-image\" data-id=\"7e951be\" data-element_type=\"widget\" data-widget_type=\"image.default\">\n\t\t\t\t<div class=\"elementor-widget-container\">\n\t\t\t\t\t\t\t\t\t\t\t\t\t\t\t<img decoding=\"async\" width=\"296\" height=\"219\" src=\"https:\/\/www.beachblanquettebabylon.com\/wp-content\/uploads\/2023\/04\/Groupe-626.svg\" class=\"attachment-medium size-medium wp-image-1589\" alt=\"\" \/>\t\t\t\t\t\t\t\t\t\t\t\t\t\t\t<\/div>\n\t\t\t\t<\/div>\n\t\t\t\t\t<\/div>\n\t\t<\/div>\n\t\t\t\t\t<\/div>\n\t\t<\/section>\n\t\t\t\t<section class=\"elementor-section elementor-top-section elementor-element elementor-element-e92bb05 elementor-section-boxed elementor-section-height-default elementor-section-height-default\" data-id=\"e92bb05\" data-element_type=\"section\">\n\t\t\t\t\t\t<div class=\"elementor-container elementor-column-gap-default\">\n\t\t\t\t\t<div class=\"elementor-column elementor-col-100 elementor-top-column elementor-element elementor-element-1119bfc\" data-id=\"1119bfc\" data-element_type=\"column\">\n\t\t\t<div class=\"elementor-widget-wrap elementor-element-populated\">\n\t\t\t\t\t\t<div class=\"elementor-element elementor-element-2329d7b elementor-widget elementor-widget-heading\" data-id=\"2329d7b\" data-element_type=\"widget\" data-widget_type=\"heading.default\">\n\t\t\t\t<div class=\"elementor-widget-container\">\n\t\t\t\t\t<h1 class=\"elementor-heading-title elementor-size-default\">Les \u00c9v\u00e9nements<\/h1>\t\t\t\t<\/div>\n\t\t\t\t<\/div>\n\t\t\t\t<div class=\"elementor-element elementor-element-bc58b31 elementor-widget elementor-widget-text-editor\" data-id=\"bc58b31\" data-element_type=\"widget\" data-widget_type=\"text-editor.default\">\n\t\t\t\t<div class=\"elementor-widget-container\">\n\t\t\t\t\t\t\t\t\t<p>D\u00e9couvrez ici tous les \u00e9v\u00e9nements en cours et \u00e0 venir !\u00a0<\/p>\t\t\t\t\t\t\t\t<\/div>\n\t\t\t\t<\/div>\n\t\t\t\t\t<\/div>\n\t\t<\/div>\n\t\t\t\t\t<\/div>\n\t\t<\/section>\n\t\t\t\t<section class=\"elementor-section elementor-top-section elementor-element elementor-element-ab57a45 elementor-section-content-middle elementor-section-boxed elementor-section-height-default elementor-section-height-default\" data-id=\"ab57a45\" data-element_type=\"section\">\n\t\t\t\t\t\t<div class=\"elementor-container elementor-column-gap-default\">\n\t\t\t\t\t<div class=\"elementor-column elementor-col-100 elementor-top-column elementor-element elementor-element-dc3c8aa\" data-id=\"dc3c8aa\" data-element_type=\"column\">\n\t\t\t<div class=\"elementor-widget-wrap elementor-element-populated\">\n\t\t\t\t\t\t<div class=\"elementor-element elementor-element-3cad809 elementor-grid-1 elementor-posts--thumbnail-left elementor-posts--align-left elementor-grid-tablet-1 elementor-grid-mobile-1 elementor-widget elementor-widget-posts\" data-id=\"3cad809\" data-element_type=\"widget\" data-settings=\"{&quot;classic_columns&quot;:&quot;1&quot;,&quot;classic_row_gap&quot;:{&quot;unit&quot;:&quot;px&quot;,&quot;size&quot;:70,&quot;sizes&quot;:[]},&quot;classic_columns_tablet&quot;:&quot;1&quot;,&quot;classic_row_gap_mobile&quot;:{&quot;unit&quot;:&quot;px&quot;,&quot;size&quot;:0,&quot;sizes&quot;:[]},&quot;pagination_type&quot;:&quot;numbers&quot;,&quot;classic_row_gap_tablet&quot;:{&quot;unit&quot;:&quot;px&quot;,&quot;size&quot;:41,&quot;sizes&quot;:[]},&quot;classic_columns_mobile&quot;:&quot;1&quot;}\" data-widget_type=\"posts.classic\">\n\t\t\t\t<div class=\"elementor-widget-container\">\n\t\t\t\t\t\t\t<div class=\"elementor-posts-container elementor-posts elementor-posts--skin-classic elementor-grid\">\n\t\t\t\t<article class=\"elementor-post elementor-grid-item post-5574 post type-post status-publish format-standard has-post-thumbnail hentry category-evenement\">\n\t\t\t\t<a class=\"elementor-post__thumbnail__link\" href=\"https:\/\/www.beachblanquettebabylon.com\/index.php\/2024\/05\/16\/exposition-du-11-avril-au-24-mai-2024\/\" tabindex=\"-1\" >\n\t\t\t<div class=\"elementor-post__thumbnail\"><img decoding=\"async\" width=\"512\" height=\"690\" src=\"https:\/\/www.beachblanquettebabylon.com\/wp-content\/uploads\/2024\/05\/Alexandra-dupommier-oeuvre-BBB.webp\" class=\"attachment-full size-full wp-image-5616\" alt=\"\" srcset=\"https:\/\/www.beachblanquettebabylon.com\/wp-content\/uploads\/2024\/05\/Alexandra-dupommier-oeuvre-BBB.webp 512w, https:\/\/www.beachblanquettebabylon.com\/wp-content\/uploads\/2024\/05\/Alexandra-dupommier-oeuvre-BBB-223x300.webp 223w\" sizes=\"(max-width: 512px) 100vw, 512px\" \/><\/div>\n\t\t<\/a>\n\t\t\t\t<div class=\"elementor-post__text\">\n\t\t\t\t<h2 class=\"elementor-post__title\">\n\t\t\t<a href=\"https:\/\/www.beachblanquettebabylon.com\/index.php\/2024\/05\/16\/exposition-du-11-avril-au-24-mai-2024\/\" >\n\t\t\t\tExposition du 11 avril au 24 mai 2024\t\t\t<\/a>\n\t\t<\/h2>\n\t\t\t\t<div class=\"elementor-post__excerpt\">\n\t\t\t<p>Durant six semaines, nous vous invitons \u00e0 venir d\u00e9couvrir les 18 d\u00e9esses de cette jeune\u00a0artiste ann\u00e9cienne.<\/p>\n\t\t<\/div>\n\t\t\n\t\t<a class=\"elementor-post__read-more\" href=\"https:\/\/www.beachblanquettebabylon.com\/index.php\/2024\/05\/16\/exposition-du-11-avril-au-24-mai-2024\/\" aria-label=\"En savoir plus sur Exposition du 11 avril au 24 mai 2024\" tabindex=\"-1\" >\n\t\t\tLire la suite \u00bb\t\t<\/a>\n\n\t\t\t\t<\/div>\n\t\t\t\t<\/article>\n\t\t\t\t<article class=\"elementor-post elementor-grid-item post-5572 post type-post status-publish format-standard has-post-thumbnail hentry category-evenement\">\n\t\t\t\t<a class=\"elementor-post__thumbnail__link\" href=\"https:\/\/www.beachblanquettebabylon.com\/index.php\/2024\/05\/16\/exposition-du-1er-janvier-au-13-mars-2024\/\" tabindex=\"-1\" >\n\t\t\t<div class=\"elementor-post__thumbnail\"><img loading=\"lazy\" decoding=\"async\" width=\"2522\" height=\"1562\" src=\"https:\/\/www.beachblanquettebabylon.com\/wp-content\/uploads\/2023\/07\/Beach-Blanquette-Babylon-Emma-margo-artiste-annecienne-oeuvre.png\" class=\"attachment-full size-full wp-image-5169\" alt=\"\" srcset=\"https:\/\/www.beachblanquettebabylon.com\/wp-content\/uploads\/2023\/07\/Beach-Blanquette-Babylon-Emma-margo-artiste-annecienne-oeuvre.png 2522w, https:\/\/www.beachblanquettebabylon.com\/wp-content\/uploads\/2023\/07\/Beach-Blanquette-Babylon-Emma-margo-artiste-annecienne-oeuvre-300x186.png 300w, https:\/\/www.beachblanquettebabylon.com\/wp-content\/uploads\/2023\/07\/Beach-Blanquette-Babylon-Emma-margo-artiste-annecienne-oeuvre-1024x634.png 1024w, https:\/\/www.beachblanquettebabylon.com\/wp-content\/uploads\/2023\/07\/Beach-Blanquette-Babylon-Emma-margo-artiste-annecienne-oeuvre-768x476.png 768w, https:\/\/www.beachblanquettebabylon.com\/wp-content\/uploads\/2023\/07\/Beach-Blanquette-Babylon-Emma-margo-artiste-annecienne-oeuvre-1536x951.png 1536w, https:\/\/www.beachblanquettebabylon.com\/wp-content\/uploads\/2023\/07\/Beach-Blanquette-Babylon-Emma-margo-artiste-annecienne-oeuvre-2048x1268.png 2048w, https:\/\/www.beachblanquettebabylon.com\/wp-content\/uploads\/2023\/07\/Beach-Blanquette-Babylon-Emma-margo-artiste-annecienne-oeuvre-600x372.png 600w\" sizes=\"(max-width: 2522px) 100vw, 2522px\" \/><\/div>\n\t\t<\/a>\n\t\t\t\t<div class=\"elementor-post__text\">\n\t\t\t\t<h2 class=\"elementor-post__title\">\n\t\t\t<a href=\"https:\/\/www.beachblanquettebabylon.com\/index.php\/2024\/05\/16\/exposition-du-1er-janvier-au-13-mars-2024\/\" >\n\t\t\t\tExposition du 1er janvier au 13 mars 2024\t\t\t<\/a>\n\t\t<\/h2>\n\t\t\t\t<div class=\"elementor-post__excerpt\">\n\t\t\t<p>Venez d\u00e9couvrir les \u0153uvres de cette artiste ann\u00e9cienne qui vous pr\u00e9sentera ses tableaux \u00ab pop \u00bb, \u00e0 la fois dr\u00f4les et po\u00e9tiques qui rec\u00e8lent de multiples petites histoires.<\/p>\n\t\t<\/div>\n\t\t\n\t\t<a class=\"elementor-post__read-more\" href=\"https:\/\/www.beachblanquettebabylon.com\/index.php\/2024\/05\/16\/exposition-du-1er-janvier-au-13-mars-2024\/\" aria-label=\"En savoir plus sur Exposition du 1er janvier au 13 mars 2024\" tabindex=\"-1\" >\n\t\t\tLire la suite \u00bb\t\t<\/a>\n\n\t\t\t\t<\/div>\n\t\t\t\t<\/article>\n\t\t\t\t<\/div>\n\t\t\n\t\t\t\t\t\t<\/div>\n\t\t\t\t<\/div>\n\t\t\t\t\t<\/div>\n\t\t<\/div>\n\t\t\t\t\t<\/div>\n\t\t<\/section>\n\t\t\t\t<\/div>\n\t\t","protected":false},"excerpt":{"rendered":"<p>vintage is in the air Les \u00c9v\u00e9nements D\u00e9couvrez ici tous les \u00e9v\u00e9nements en cours et \u00e0 venir !\u00a0<\/p>\n","protected":false},"author":2,"featured_media":382,"parent":0,"menu_order":0,"comment_status":"closed","ping_status":"closed","template":"","meta":{"footnotes":""},"class_list":["post-365","page","type-page","status-publish","has-post-thumbnail","hentry"],"yoast_head":"<!-- This site is optimized with the Yoast SEO plugin v25.3 - https:\/\/yoast.com\/wordpress\/plugins\/seo\/ -->\n<title>\u00c9v\u00e8nements - Beach Blanquette Babylon<\/title>\n<meta name=\"description\" content=\"Lorem ipsum dolor sit amet, consetetur sadipscing elitr, sed diam nonumy eirmod tempor invidunt ut labore et dolore magna aliquyam.\" \/>\n<meta name=\"robots\" content=\"index, follow, max-snippet:-1, max-image-preview:large, max-video-preview:-1\" \/>\n<link rel=\"canonical\" href=\"https:\/\/www.beachblanquettebabylon.com\/index.php\/evenements\/\" \/>\n<meta property=\"og:locale\" content=\"fr_FR\" \/>\n<meta property=\"og:type\" content=\"article\" \/>\n<meta property=\"og:title\" content=\"\u00c9v\u00e8nements - Beach Blanquette Babylon\" \/>\n<meta property=\"og:description\" content=\"Lorem ipsum dolor sit amet, consetetur sadipscing elitr, sed diam nonumy eirmod tempor invidunt ut labore et dolore magna aliquyam.\" \/>\n<meta property=\"og:url\" content=\"https:\/\/www.beachblanquettebabylon.com\/index.php\/evenements\/\" \/>\n<meta property=\"og:site_name\" content=\"Beach Blanquette Babylon\" \/>\n<meta property=\"article:modified_time\" content=\"2024-01-29T11:18:01+00:00\" \/>\n<meta property=\"og:image\" content=\"https:\/\/www.beachblanquettebabylon.com\/wp-content\/uploads\/2023\/04\/Rectangle-6708-2.jpg\" \/>\n\t<meta property=\"og:image:width\" content=\"438\" \/>\n\t<meta property=\"og:image:height\" content=\"232\" \/>\n\t<meta property=\"og:image:type\" content=\"image\/jpeg\" \/>\n<meta name=\"twitter:card\" content=\"summary_large_image\" \/>\n<meta name=\"twitter:label1\" content=\"Dur\u00e9e de lecture estim\u00e9e\" \/>\n\t<meta name=\"twitter:data1\" content=\"1 minute\" \/>\n<script type=\"application\/ld+json\" class=\"yoast-schema-graph\">{\"@context\":\"https:\/\/schema.org\",\"@graph\":[{\"@type\":\"WebPage\",\"@id\":\"https:\/\/www.beachblanquettebabylon.com\/index.php\/evenements\/\",\"url\":\"https:\/\/www.beachblanquettebabylon.com\/index.php\/evenements\/\",\"name\":\"\u00c9v\u00e8nements - Beach Blanquette Babylon\",\"isPartOf\":{\"@id\":\"https:\/\/www.beachblanquettebabylon.com\/#website\"},\"primaryImageOfPage\":{\"@id\":\"https:\/\/www.beachblanquettebabylon.com\/index.php\/evenements\/#primaryimage\"},\"image\":{\"@id\":\"https:\/\/www.beachblanquettebabylon.com\/index.php\/evenements\/#primaryimage\"},\"thumbnailUrl\":\"https:\/\/www.beachblanquettebabylon.com\/wp-content\/uploads\/2023\/04\/Rectangle-6708-2.jpg\",\"datePublished\":\"2023-04-07T07:04:01+00:00\",\"dateModified\":\"2024-01-29T11:18:01+00:00\",\"description\":\"Lorem ipsum dolor sit amet, consetetur sadipscing elitr, sed diam nonumy eirmod tempor invidunt ut labore et dolore magna aliquyam.\",\"breadcrumb\":{\"@id\":\"https:\/\/www.beachblanquettebabylon.com\/index.php\/evenements\/#breadcrumb\"},\"inLanguage\":\"fr-FR\",\"potentialAction\":[{\"@type\":\"ReadAction\",\"target\":[\"https:\/\/www.beachblanquettebabylon.com\/index.php\/evenements\/\"]}]},{\"@type\":\"ImageObject\",\"inLanguage\":\"fr-FR\",\"@id\":\"https:\/\/www.beachblanquettebabylon.com\/index.php\/evenements\/#primaryimage\",\"url\":\"https:\/\/www.beachblanquettebabylon.com\/wp-content\/uploads\/2023\/04\/Rectangle-6708-2.jpg\",\"contentUrl\":\"https:\/\/www.beachblanquettebabylon.com\/wp-content\/uploads\/2023\/04\/Rectangle-6708-2.jpg\",\"width\":438,\"height\":232},{\"@type\":\"BreadcrumbList\",\"@id\":\"https:\/\/www.beachblanquettebabylon.com\/index.php\/evenements\/#breadcrumb\",\"itemListElement\":[{\"@type\":\"ListItem\",\"position\":1,\"name\":\"Accueil\",\"item\":\"https:\/\/www.beachblanquettebabylon.com\/\"},{\"@type\":\"ListItem\",\"position\":2,\"name\":\"\u00c9v\u00e8nements\"}]},{\"@type\":\"WebSite\",\"@id\":\"https:\/\/www.beachblanquettebabylon.com\/#website\",\"url\":\"https:\/\/www.beachblanquettebabylon.com\/\",\"name\":\"Beach Blanquette Babylon\",\"description\":\"Vintage is in the air !\",\"publisher\":{\"@id\":\"https:\/\/www.beachblanquettebabylon.com\/#organization\"},\"potentialAction\":[{\"@type\":\"SearchAction\",\"target\":{\"@type\":\"EntryPoint\",\"urlTemplate\":\"https:\/\/www.beachblanquettebabylon.com\/?s={search_term_string}\"},\"query-input\":{\"@type\":\"PropertyValueSpecification\",\"valueRequired\":true,\"valueName\":\"search_term_string\"}}],\"inLanguage\":\"fr-FR\"},{\"@type\":\"Organization\",\"@id\":\"https:\/\/www.beachblanquettebabylon.com\/#organization\",\"name\":\"Beach Blanquette Babylon\",\"url\":\"https:\/\/www.beachblanquettebabylon.com\/\",\"logo\":{\"@type\":\"ImageObject\",\"inLanguage\":\"fr-FR\",\"@id\":\"https:\/\/www.beachblanquettebabylon.com\/#\/schema\/logo\/image\/\",\"url\":\"https:\/\/www.beachblanquettebabylon.com\/wp-content\/uploads\/2023\/04\/cropped-logo.png\",\"contentUrl\":\"https:\/\/www.beachblanquettebabylon.com\/wp-content\/uploads\/2023\/04\/cropped-logo.png\",\"width\":469,\"height\":215,\"caption\":\"Beach Blanquette Babylon\"},\"image\":{\"@id\":\"https:\/\/www.beachblanquettebabylon.com\/#\/schema\/logo\/image\/\"}}]}<\/script>\n<!-- \/ Yoast SEO plugin. -->","yoast_head_json":{"title":"\u00c9v\u00e8nements - Beach Blanquette Babylon","description":"Lorem ipsum dolor sit amet, consetetur sadipscing elitr, sed diam nonumy eirmod tempor invidunt ut labore et dolore magna aliquyam.","robots":{"index":"index","follow":"follow","max-snippet":"max-snippet:-1","max-image-preview":"max-image-preview:large","max-video-preview":"max-video-preview:-1"},"canonical":"https:\/\/www.beachblanquettebabylon.com\/index.php\/evenements\/","og_locale":"fr_FR","og_type":"article","og_title":"\u00c9v\u00e8nements - Beach Blanquette Babylon","og_description":"Lorem ipsum dolor sit amet, consetetur sadipscing elitr, sed diam nonumy eirmod tempor invidunt ut labore et dolore magna aliquyam.","og_url":"https:\/\/www.beachblanquettebabylon.com\/index.php\/evenements\/","og_site_name":"Beach Blanquette Babylon","article_modified_time":"2024-01-29T11:18:01+00:00","og_image":[{"width":438,"height":232,"url":"https:\/\/www.beachblanquettebabylon.com\/wp-content\/uploads\/2023\/04\/Rectangle-6708-2.jpg","type":"image\/jpeg"}],"twitter_card":"summary_large_image","twitter_misc":{"Dur\u00e9e de lecture estim\u00e9e":"1 minute"},"schema":{"@context":"https:\/\/schema.org","@graph":[{"@type":"WebPage","@id":"https:\/\/www.beachblanquettebabylon.com\/index.php\/evenements\/","url":"https:\/\/www.beachblanquettebabylon.com\/index.php\/evenements\/","name":"\u00c9v\u00e8nements - Beach Blanquette Babylon","isPartOf":{"@id":"https:\/\/www.beachblanquettebabylon.com\/#website"},"primaryImageOfPage":{"@id":"https:\/\/www.beachblanquettebabylon.com\/index.php\/evenements\/#primaryimage"},"image":{"@id":"https:\/\/www.beachblanquettebabylon.com\/index.php\/evenements\/#primaryimage"},"thumbnailUrl":"https:\/\/www.beachblanquettebabylon.com\/wp-content\/uploads\/2023\/04\/Rectangle-6708-2.jpg","datePublished":"2023-04-07T07:04:01+00:00","dateModified":"2024-01-29T11:18:01+00:00","description":"Lorem ipsum dolor sit amet, consetetur sadipscing elitr, sed diam nonumy eirmod tempor invidunt ut labore et dolore magna aliquyam.","breadcrumb":{"@id":"https:\/\/www.beachblanquettebabylon.com\/index.php\/evenements\/#breadcrumb"},"inLanguage":"fr-FR","potentialAction":[{"@type":"ReadAction","target":["https:\/\/www.beachblanquettebabylon.com\/index.php\/evenements\/"]}]},{"@type":"ImageObject","inLanguage":"fr-FR","@id":"https:\/\/www.beachblanquettebabylon.com\/index.php\/evenements\/#primaryimage","url":"https:\/\/www.beachblanquettebabylon.com\/wp-content\/uploads\/2023\/04\/Rectangle-6708-2.jpg","contentUrl":"https:\/\/www.beachblanquettebabylon.com\/wp-content\/uploads\/2023\/04\/Rectangle-6708-2.jpg","width":438,"height":232},{"@type":"BreadcrumbList","@id":"https:\/\/www.beachblanquettebabylon.com\/index.php\/evenements\/#breadcrumb","itemListElement":[{"@type":"ListItem","position":1,"name":"Accueil","item":"https:\/\/www.beachblanquettebabylon.com\/"},{"@type":"ListItem","position":2,"name":"\u00c9v\u00e8nements"}]},{"@type":"WebSite","@id":"https:\/\/www.beachblanquettebabylon.com\/#website","url":"https:\/\/www.beachblanquettebabylon.com\/","name":"Beach Blanquette Babylon","description":"Vintage is in the air !","publisher":{"@id":"https:\/\/www.beachblanquettebabylon.com\/#organization"},"potentialAction":[{"@type":"SearchAction","target":{"@type":"EntryPoint","urlTemplate":"https:\/\/www.beachblanquettebabylon.com\/?s={search_term_string}"},"query-input":{"@type":"PropertyValueSpecification","valueRequired":true,"valueName":"search_term_string"}}],"inLanguage":"fr-FR"},{"@type":"Organization","@id":"https:\/\/www.beachblanquettebabylon.com\/#organization","name":"Beach Blanquette Babylon","url":"https:\/\/www.beachblanquettebabylon.com\/","logo":{"@type":"ImageObject","inLanguage":"fr-FR","@id":"https:\/\/www.beachblanquettebabylon.com\/#\/schema\/logo\/image\/","url":"https:\/\/www.beachblanquettebabylon.com\/wp-content\/uploads\/2023\/04\/cropped-logo.png","contentUrl":"https:\/\/www.beachblanquettebabylon.com\/wp-content\/uploads\/2023\/04\/cropped-logo.png","width":469,"height":215,"caption":"Beach Blanquette Babylon"},"image":{"@id":"https:\/\/www.beachblanquettebabylon.com\/#\/schema\/logo\/image\/"}}]}},"_links":{"self":[{"href":"https:\/\/www.beachblanquettebabylon.com\/index.php\/wp-json\/wp\/v2\/pages\/365","targetHints":{"allow":["GET"]}}],"collection":[{"href":"https:\/\/www.beachblanquettebabylon.com\/index.php\/wp-json\/wp\/v2\/pages"}],"about":[{"href":"https:\/\/www.beachblanquettebabylon.com\/index.php\/wp-json\/wp\/v2\/types\/page"}],"author":[{"embeddable":true,"href":"https:\/\/www.beachblanquettebabylon.com\/index.php\/wp-json\/wp\/v2\/users\/2"}],"replies":[{"embeddable":true,"href":"https:\/\/www.beachblanquettebabylon.com\/index.php\/wp-json\/wp\/v2\/comments?post=365"}],"version-history":[{"count":266,"href":"https:\/\/www.beachblanquettebabylon.com\/index.php\/wp-json\/wp\/v2\/pages\/365\/revisions"}],"predecessor-version":[{"id":5523,"href":"https:\/\/www.beachblanquettebabylon.com\/index.php\/wp-json\/wp\/v2\/pages\/365\/revisions\/5523"}],"wp:featuredmedia":[{"embeddable":true,"href":"https:\/\/www.beachblanquettebabylon.com\/index.php\/wp-json\/wp\/v2\/media\/382"}],"wp:attachment":[{"href":"https:\/\/www.beachblanquettebabylon.com\/index.php\/wp-json\/wp\/v2\/media?parent=365"}],"curies":[{"name":"wp","href":"https:\/\/api.w.org\/{rel}","templated":true}]}}