{"id":472,"date":"2023-04-07T10:19:57","date_gmt":"2023-04-07T08:19:57","guid":{"rendered":"https:\/\/www.beachblanquettebabylon.com\/?page_id=472"},"modified":"2023-12-04T15:08:45","modified_gmt":"2023-12-04T14:08:45","slug":"les-artistes","status":"publish","type":"page","link":"https:\/\/www.beachblanquettebabylon.com\/index.php\/les-artistes\/","title":{"rendered":"Les Artistes"},"content":{"rendered":"\t\t<div data-elementor-type=\"wp-page\" data-elementor-id=\"472\" class=\"elementor elementor-472\" data-elementor-post-type=\"page\">\n\t\t\t\t\t\t<section class=\"elementor-section elementor-top-section elementor-element elementor-element-12e26e3 elementor-section-full_width elementor-section-height-default elementor-section-height-default\" data-id=\"12e26e3\" data-element_type=\"section\" data-settings=\"{&quot;background_background&quot;:&quot;classic&quot;}\">\n\t\t\t\t\t\t\t<div class=\"elementor-background-overlay\"><\/div>\n\t\t\t\t\t\t\t<div class=\"elementor-container elementor-column-gap-extended\">\n\t\t\t\t\t<div class=\"elementor-column elementor-col-100 elementor-top-column elementor-element elementor-element-41030a6\" data-id=\"41030a6\" data-element_type=\"column\">\n\t\t\t<div class=\"elementor-widget-wrap\">\n\t\t\t\t\t\t\t<\/div>\n\t\t<\/div>\n\t\t\t\t\t<\/div>\n\t\t<\/section>\n\t\t\t\t<section class=\"elementor-section elementor-top-section elementor-element elementor-element-f0a0801 elementor-section-full_width elementor-section-content-middle elementor-section-height-default elementor-section-height-default\" data-id=\"f0a0801\" data-element_type=\"section\" data-settings=\"{&quot;background_background&quot;:&quot;classic&quot;}\">\n\t\t\t\t\t\t<div class=\"elementor-container elementor-column-gap-wide\">\n\t\t\t\t\t<div class=\"elementor-column elementor-col-50 elementor-top-column elementor-element elementor-element-9971465\" data-id=\"9971465\" data-element_type=\"column\" data-settings=\"{&quot;background_background&quot;:&quot;classic&quot;}\">\n\t\t\t<div class=\"elementor-widget-wrap elementor-element-populated\">\n\t\t\t\t\t\t<div class=\"elementor-element elementor-element-3fcda6a elementor-widget elementor-widget-image\" data-id=\"3fcda6a\" data-element_type=\"widget\" data-widget_type=\"image.default\">\n\t\t\t\t<div class=\"elementor-widget-container\">\n\t\t\t\t\t\t\t\t\t\t\t\t\t\t\t\t<a href=\"https:\/\/www.beachblanquettebabylon.com\/\">\n\t\t\t\t\t\t\t<img fetchpriority=\"high\" decoding=\"async\" width=\"469\" height=\"215\" src=\"https:\/\/www.beachblanquettebabylon.com\/wp-content\/uploads\/2023\/04\/logo.png\" class=\"attachment-large size-large wp-image-115\" alt=\"\" srcset=\"https:\/\/www.beachblanquettebabylon.com\/wp-content\/uploads\/2023\/04\/logo.png 469w, https:\/\/www.beachblanquettebabylon.com\/wp-content\/uploads\/2023\/04\/logo-300x138.png 300w\" sizes=\"(max-width: 469px) 100vw, 469px\" \/>\t\t\t\t\t\t\t\t<\/a>\n\t\t\t\t\t\t\t\t\t\t\t\t\t\t\t<\/div>\n\t\t\t\t<\/div>\n\t\t\t\t\t<\/div>\n\t\t<\/div>\n\t\t\t\t<div class=\"elementor-column elementor-col-50 elementor-top-column elementor-element elementor-element-64989f8\" data-id=\"64989f8\" data-element_type=\"column\" data-settings=\"{&quot;background_background&quot;:&quot;classic&quot;}\">\n\t\t\t<div class=\"elementor-widget-wrap elementor-element-populated\">\n\t\t\t\t\t\t<div class=\"elementor-element elementor-element-9628999 elementor-hidden-mobile elementor-widget elementor-widget-text-editor\" data-id=\"9628999\" data-element_type=\"widget\" data-widget_type=\"text-editor.default\">\n\t\t\t\t<div class=\"elementor-widget-container\">\n\t\t\t\t\t\t\t\t\t<p>vintage is in the air<\/p>\t\t\t\t\t\t\t\t<\/div>\n\t\t\t\t<\/div>\n\t\t\t\t\t<\/div>\n\t\t<\/div>\n\t\t\t\t\t<\/div>\n\t\t<\/section>\n\t\t\t\t<section class=\"elementor-section elementor-top-section elementor-element elementor-element-269a093 elementor-section-boxed elementor-section-height-default elementor-section-height-default\" data-id=\"269a093\" data-element_type=\"section\">\n\t\t\t\t\t\t<div class=\"elementor-container elementor-column-gap-default\">\n\t\t\t\t\t<div class=\"elementor-column elementor-col-100 elementor-top-column elementor-element elementor-element-bb53d96\" data-id=\"bb53d96\" data-element_type=\"column\">\n\t\t\t<div class=\"elementor-widget-wrap elementor-element-populated\">\n\t\t\t\t\t\t<div class=\"elementor-element elementor-element-0d79192 elementor-widget elementor-widget-image\" data-id=\"0d79192\" data-element_type=\"widget\" data-widget_type=\"image.default\">\n\t\t\t\t<div class=\"elementor-widget-container\">\n\t\t\t\t\t\t\t\t\t\t\t\t\t\t\t<img decoding=\"async\" width=\"296\" height=\"219\" src=\"https:\/\/www.beachblanquettebabylon.com\/wp-content\/uploads\/2023\/04\/Groupe-626.svg\" class=\"attachment-medium size-medium wp-image-1589\" alt=\"\" \/>\t\t\t\t\t\t\t\t\t\t\t\t\t\t\t<\/div>\n\t\t\t\t<\/div>\n\t\t\t\t\t<\/div>\n\t\t<\/div>\n\t\t\t\t\t<\/div>\n\t\t<\/section>\n\t\t\t\t<section class=\"elementor-section elementor-top-section elementor-element elementor-element-1a07bfa elementor-section-boxed elementor-section-height-default elementor-section-height-default\" data-id=\"1a07bfa\" data-element_type=\"section\">\n\t\t\t\t\t\t<div class=\"elementor-container elementor-column-gap-default\">\n\t\t\t\t\t<div class=\"elementor-column elementor-col-100 elementor-top-column elementor-element elementor-element-357641c\" data-id=\"357641c\" data-element_type=\"column\">\n\t\t\t<div class=\"elementor-widget-wrap elementor-element-populated\">\n\t\t\t\t\t\t<div class=\"elementor-element elementor-element-89f0a34 elementor-widget elementor-widget-heading\" data-id=\"89f0a34\" data-element_type=\"widget\" data-widget_type=\"heading.default\">\n\t\t\t\t<div class=\"elementor-widget-container\">\n\t\t\t\t\t<h1 class=\"elementor-heading-title elementor-size-default\">Les Artistes<\/h1>\t\t\t\t<\/div>\n\t\t\t\t<\/div>\n\t\t\t\t<div class=\"elementor-element elementor-element-6563f7b elementor-widget elementor-widget-text-editor\" data-id=\"6563f7b\" data-element_type=\"widget\" data-widget_type=\"text-editor.default\">\n\t\t\t\t<div class=\"elementor-widget-container\">\n\t\t\t\t\t\t\t\t\t<p><span style=\"font-weight: 400;\">Photographes, plasticiens, c\u00e9ramistes, po\u00e8tes vous voulez en savoir un peu plus \u00e0 leur sujet ? C\u2019est ici !<\/span><\/p>\t\t\t\t\t\t\t\t<\/div>\n\t\t\t\t<\/div>\n\t\t\t\t\t<\/div>\n\t\t<\/div>\n\t\t\t\t\t<\/div>\n\t\t<\/section>\n\t\t\t\t<section class=\"elementor-section elementor-top-section elementor-element elementor-element-7fe529f elementor-section-boxed elementor-section-height-default elementor-section-height-default\" data-id=\"7fe529f\" data-element_type=\"section\">\n\t\t\t\t\t\t<div class=\"elementor-container elementor-column-gap-default\">\n\t\t\t\t\t<div class=\"elementor-column elementor-col-100 elementor-top-column elementor-element elementor-element-a7efc07\" data-id=\"a7efc07\" data-element_type=\"column\">\n\t\t\t<div class=\"elementor-widget-wrap elementor-element-populated\">\n\t\t\t\t\t\t<div class=\"elementor-element elementor-element-680d6d6 elementor-grid-4 elementor-posts--align-center elementor-grid-tablet-2 elementor-grid-mobile-1 elementor-posts--thumbnail-top elementor-widget elementor-widget-posts\" data-id=\"680d6d6\" data-element_type=\"widget\" data-settings=\"{&quot;classic_columns&quot;:&quot;4&quot;,&quot;classic_columns_tablet&quot;:&quot;2&quot;,&quot;classic_columns_mobile&quot;:&quot;1&quot;,&quot;classic_row_gap&quot;:{&quot;unit&quot;:&quot;px&quot;,&quot;size&quot;:35,&quot;sizes&quot;:[]},&quot;classic_row_gap_tablet&quot;:{&quot;unit&quot;:&quot;px&quot;,&quot;size&quot;:&quot;&quot;,&quot;sizes&quot;:[]},&quot;classic_row_gap_mobile&quot;:{&quot;unit&quot;:&quot;px&quot;,&quot;size&quot;:&quot;&quot;,&quot;sizes&quot;:[]}}\" data-widget_type=\"posts.classic\">\n\t\t\t\t<div class=\"elementor-widget-container\">\n\t\t\t\t\t\t\t<div class=\"elementor-posts-container elementor-posts elementor-posts--skin-classic elementor-grid\">\n\t\t\t\t<article class=\"elementor-post elementor-grid-item post-5592 post type-post status-publish format-standard has-post-thumbnail hentry category-artistes\">\n\t\t\t\t<a class=\"elementor-post__thumbnail__link\" href=\"https:\/\/www.beachblanquettebabylon.com\/index.php\/2024\/05\/16\/alexandra-dupommier\/\" tabindex=\"-1\" >\n\t\t\t<div class=\"elementor-post__thumbnail\"><img decoding=\"async\" width=\"700\" height=\"969\" src=\"https:\/\/www.beachblanquettebabylon.com\/wp-content\/uploads\/2024\/05\/Alexandra-dupommier-BBB.webp\" class=\"attachment-full size-full wp-image-5615\" alt=\"\" srcset=\"https:\/\/www.beachblanquettebabylon.com\/wp-content\/uploads\/2024\/05\/Alexandra-dupommier-BBB.webp 700w, https:\/\/www.beachblanquettebabylon.com\/wp-content\/uploads\/2024\/05\/Alexandra-dupommier-BBB-217x300.webp 217w, https:\/\/www.beachblanquettebabylon.com\/wp-content\/uploads\/2024\/05\/Alexandra-dupommier-BBB-600x831.webp 600w\" sizes=\"(max-width: 700px) 100vw, 700px\" \/><\/div>\n\t\t<\/a>\n\t\t\t\t<div class=\"elementor-post__text\">\n\t\t\t\t<h3 class=\"elementor-post__title\">\n\t\t\t<a href=\"https:\/\/www.beachblanquettebabylon.com\/index.php\/2024\/05\/16\/alexandra-dupommier\/\" >\n\t\t\t\tAlexandra Dupommier\t\t\t<\/a>\n\t\t<\/h3>\n\t\t\t\t<\/div>\n\t\t\t\t<\/article>\n\t\t\t\t<article class=\"elementor-post elementor-grid-item post-4416 post type-post status-publish format-standard has-post-thumbnail hentry category-artistes\">\n\t\t\t\t<a class=\"elementor-post__thumbnail__link\" href=\"https:\/\/www.beachblanquettebabylon.com\/index.php\/2023\/07\/18\/emma-margo\/\" tabindex=\"-1\" >\n\t\t\t<div class=\"elementor-post__thumbnail\"><img loading=\"lazy\" decoding=\"async\" width=\"1458\" height=\"1560\" src=\"https:\/\/www.beachblanquettebabylon.com\/wp-content\/uploads\/2023\/07\/Beach-Blanquette-Babylon-Emma-margo-artiste-annecienne.webp\" class=\"attachment-full size-full wp-image-5170\" alt=\"\" srcset=\"https:\/\/www.beachblanquettebabylon.com\/wp-content\/uploads\/2023\/07\/Beach-Blanquette-Babylon-Emma-margo-artiste-annecienne.webp 1458w, https:\/\/www.beachblanquettebabylon.com\/wp-content\/uploads\/2023\/07\/Beach-Blanquette-Babylon-Emma-margo-artiste-annecienne-280x300.webp 280w, https:\/\/www.beachblanquettebabylon.com\/wp-content\/uploads\/2023\/07\/Beach-Blanquette-Babylon-Emma-margo-artiste-annecienne-957x1024.webp 957w, https:\/\/www.beachblanquettebabylon.com\/wp-content\/uploads\/2023\/07\/Beach-Blanquette-Babylon-Emma-margo-artiste-annecienne-768x822.webp 768w, https:\/\/www.beachblanquettebabylon.com\/wp-content\/uploads\/2023\/07\/Beach-Blanquette-Babylon-Emma-margo-artiste-annecienne-1436x1536.webp 1436w, https:\/\/www.beachblanquettebabylon.com\/wp-content\/uploads\/2023\/07\/Beach-Blanquette-Babylon-Emma-margo-artiste-annecienne-600x642.webp 600w\" sizes=\"(max-width: 1458px) 100vw, 1458px\" \/><\/div>\n\t\t<\/a>\n\t\t\t\t<div class=\"elementor-post__text\">\n\t\t\t\t<h3 class=\"elementor-post__title\">\n\t\t\t<a href=\"https:\/\/www.beachblanquettebabylon.com\/index.php\/2023\/07\/18\/emma-margo\/\" >\n\t\t\t\tEmma Margo\t\t\t<\/a>\n\t\t<\/h3>\n\t\t\t\t<\/div>\n\t\t\t\t<\/article>\n\t\t\t\t<article class=\"elementor-post elementor-grid-item post-4414 post type-post status-publish format-standard has-post-thumbnail hentry category-artistes\">\n\t\t\t\t<a class=\"elementor-post__thumbnail__link\" href=\"https:\/\/www.beachblanquettebabylon.com\/index.php\/2023\/07\/18\/valeria-papasidero\/\" tabindex=\"-1\" >\n\t\t\t<div class=\"elementor-post__thumbnail\"><img loading=\"lazy\" decoding=\"async\" width=\"1410\" height=\"1702\" src=\"https:\/\/www.beachblanquettebabylon.com\/wp-content\/uploads\/2023\/07\/Beach-Blanquette-Babylon-Artiste-Valerie-papasiderio.webp\" class=\"attachment-full size-full wp-image-4867\" alt=\"\" srcset=\"https:\/\/www.beachblanquettebabylon.com\/wp-content\/uploads\/2023\/07\/Beach-Blanquette-Babylon-Artiste-Valerie-papasiderio.webp 1410w, https:\/\/www.beachblanquettebabylon.com\/wp-content\/uploads\/2023\/07\/Beach-Blanquette-Babylon-Artiste-Valerie-papasiderio-249x300.webp 249w, https:\/\/www.beachblanquettebabylon.com\/wp-content\/uploads\/2023\/07\/Beach-Blanquette-Babylon-Artiste-Valerie-papasiderio-848x1024.webp 848w, https:\/\/www.beachblanquettebabylon.com\/wp-content\/uploads\/2023\/07\/Beach-Blanquette-Babylon-Artiste-Valerie-papasiderio-768x927.webp 768w, https:\/\/www.beachblanquettebabylon.com\/wp-content\/uploads\/2023\/07\/Beach-Blanquette-Babylon-Artiste-Valerie-papasiderio-1272x1536.webp 1272w, https:\/\/www.beachblanquettebabylon.com\/wp-content\/uploads\/2023\/07\/Beach-Blanquette-Babylon-Artiste-Valerie-papasiderio-600x724.webp 600w\" sizes=\"(max-width: 1410px) 100vw, 1410px\" \/><\/div>\n\t\t<\/a>\n\t\t\t\t<div class=\"elementor-post__text\">\n\t\t\t\t<h3 class=\"elementor-post__title\">\n\t\t\t<a href=\"https:\/\/www.beachblanquettebabylon.com\/index.php\/2023\/07\/18\/valeria-papasidero\/\" >\n\t\t\t\tValeria Papasidero\t\t\t<\/a>\n\t\t<\/h3>\n\t\t\t\t<\/div>\n\t\t\t\t<\/article>\n\t\t\t\t<article class=\"elementor-post elementor-grid-item post-4411 post type-post status-publish format-standard has-post-thumbnail hentry category-artistes\">\n\t\t\t\t<a class=\"elementor-post__thumbnail__link\" href=\"https:\/\/www.beachblanquettebabylon.com\/index.php\/2023\/07\/18\/giancarlo-fortunato\/\" tabindex=\"-1\" >\n\t\t\t<div class=\"elementor-post__thumbnail\"><img loading=\"lazy\" decoding=\"async\" width=\"561\" height=\"615\" src=\"https:\/\/www.beachblanquettebabylon.com\/wp-content\/uploads\/2023\/07\/Beach-Blanquette-Babylon-Giancarlo-Fortunato-1.webp\" class=\"attachment-full size-full wp-image-5243\" alt=\"\" srcset=\"https:\/\/www.beachblanquettebabylon.com\/wp-content\/uploads\/2023\/07\/Beach-Blanquette-Babylon-Giancarlo-Fortunato-1.webp 561w, https:\/\/www.beachblanquettebabylon.com\/wp-content\/uploads\/2023\/07\/Beach-Blanquette-Babylon-Giancarlo-Fortunato-1-274x300.webp 274w\" sizes=\"(max-width: 561px) 100vw, 561px\" \/><\/div>\n\t\t<\/a>\n\t\t\t\t<div class=\"elementor-post__text\">\n\t\t\t\t<h3 class=\"elementor-post__title\">\n\t\t\t<a href=\"https:\/\/www.beachblanquettebabylon.com\/index.php\/2023\/07\/18\/giancarlo-fortunato\/\" >\n\t\t\t\tGiancarlo Fortunato\u00a0\t\t\t<\/a>\n\t\t<\/h3>\n\t\t\t\t<\/div>\n\t\t\t\t<\/article>\n\t\t\t\t<\/div>\n\t\t\n\t\t\t\t\t\t<\/div>\n\t\t\t\t<\/div>\n\t\t\t\t\t<\/div>\n\t\t<\/div>\n\t\t\t\t\t<\/div>\n\t\t<\/section>\n\t\t\t\t<\/div>\n\t\t","protected":false},"excerpt":{"rendered":"<p>vintage is in the air Les Artistes Photographes, plasticiens, c\u00e9ramistes, po\u00e8tes vous voulez en savoir un peu plus \u00e0 leur sujet ? C\u2019est ici !<\/p>\n","protected":false},"author":2,"featured_media":0,"parent":0,"menu_order":0,"comment_status":"closed","ping_status":"closed","template":"","meta":{"footnotes":""},"class_list":["post-472","page","type-page","status-publish","hentry"],"yoast_head":"<!-- This site is optimized with the Yoast SEO plugin v25.3 - https:\/\/yoast.com\/wordpress\/plugins\/seo\/ -->\n<title>Les Artistes - Beach Blanquette Babylon<\/title>\n<meta name=\"robots\" content=\"index, follow, max-snippet:-1, max-image-preview:large, max-video-preview:-1\" \/>\n<link rel=\"canonical\" href=\"https:\/\/www.beachblanquettebabylon.com\/index.php\/accueil__trashed\/les-artistes\/\" \/>\n<meta property=\"og:locale\" content=\"fr_FR\" \/>\n<meta property=\"og:type\" content=\"article\" \/>\n<meta property=\"og:title\" content=\"Les Artistes - Beach Blanquette Babylon\" \/>\n<meta property=\"og:description\" content=\"vintage is in the air Les Artistes Photographes, plasticiens, c\u00e9ramistes, po\u00e8tes vous voulez en savoir un peu plus \u00e0 leur sujet ? C\u2019est ici !\" \/>\n<meta property=\"og:url\" content=\"https:\/\/www.beachblanquettebabylon.com\/index.php\/accueil__trashed\/les-artistes\/\" \/>\n<meta property=\"og:site_name\" content=\"Beach Blanquette Babylon\" \/>\n<meta property=\"article:modified_time\" content=\"2023-12-04T14:08:45+00:00\" \/>\n<meta property=\"og:image\" content=\"https:\/\/www.beachblanquettebabylon.com\/wp-content\/uploads\/2023\/04\/logo.png\" \/>\n<meta name=\"twitter:card\" content=\"summary_large_image\" \/>\n<meta name=\"twitter:label1\" content=\"Dur\u00e9e de lecture estim\u00e9e\" \/>\n\t<meta name=\"twitter:data1\" content=\"2 minutes\" \/>\n<script type=\"application\/ld+json\" class=\"yoast-schema-graph\">{\"@context\":\"https:\/\/schema.org\",\"@graph\":[{\"@type\":\"WebPage\",\"@id\":\"https:\/\/www.beachblanquettebabylon.com\/index.php\/accueil__trashed\/les-artistes\/\",\"url\":\"https:\/\/www.beachblanquettebabylon.com\/index.php\/accueil__trashed\/les-artistes\/\",\"name\":\"Les Artistes - Beach Blanquette Babylon\",\"isPartOf\":{\"@id\":\"https:\/\/www.beachblanquettebabylon.com\/#website\"},\"primaryImageOfPage\":{\"@id\":\"https:\/\/www.beachblanquettebabylon.com\/index.php\/accueil__trashed\/les-artistes\/#primaryimage\"},\"image\":{\"@id\":\"https:\/\/www.beachblanquettebabylon.com\/index.php\/accueil__trashed\/les-artistes\/#primaryimage\"},\"thumbnailUrl\":\"https:\/\/www.beachblanquettebabylon.com\/wp-content\/uploads\/2023\/04\/logo.png\",\"datePublished\":\"2023-04-07T08:19:57+00:00\",\"dateModified\":\"2023-12-04T14:08:45+00:00\",\"breadcrumb\":{\"@id\":\"https:\/\/www.beachblanquettebabylon.com\/index.php\/accueil__trashed\/les-artistes\/#breadcrumb\"},\"inLanguage\":\"fr-FR\",\"potentialAction\":[{\"@type\":\"ReadAction\",\"target\":[\"https:\/\/www.beachblanquettebabylon.com\/index.php\/accueil__trashed\/les-artistes\/\"]}]},{\"@type\":\"ImageObject\",\"inLanguage\":\"fr-FR\",\"@id\":\"https:\/\/www.beachblanquettebabylon.com\/index.php\/accueil__trashed\/les-artistes\/#primaryimage\",\"url\":\"https:\/\/www.beachblanquettebabylon.com\/wp-content\/uploads\/2023\/04\/logo.png\",\"contentUrl\":\"https:\/\/www.beachblanquettebabylon.com\/wp-content\/uploads\/2023\/04\/logo.png\",\"width\":469,\"height\":215},{\"@type\":\"BreadcrumbList\",\"@id\":\"https:\/\/www.beachblanquettebabylon.com\/index.php\/accueil__trashed\/les-artistes\/#breadcrumb\",\"itemListElement\":[{\"@type\":\"ListItem\",\"position\":1,\"name\":\"Accueil\",\"item\":\"https:\/\/www.beachblanquettebabylon.com\/\"},{\"@type\":\"ListItem\",\"position\":2,\"name\":\"Les Artistes\"}]},{\"@type\":\"WebSite\",\"@id\":\"https:\/\/www.beachblanquettebabylon.com\/#website\",\"url\":\"https:\/\/www.beachblanquettebabylon.com\/\",\"name\":\"Beach Blanquette Babylon\",\"description\":\"Vintage is in the air !\",\"publisher\":{\"@id\":\"https:\/\/www.beachblanquettebabylon.com\/#organization\"},\"potentialAction\":[{\"@type\":\"SearchAction\",\"target\":{\"@type\":\"EntryPoint\",\"urlTemplate\":\"https:\/\/www.beachblanquettebabylon.com\/?s={search_term_string}\"},\"query-input\":{\"@type\":\"PropertyValueSpecification\",\"valueRequired\":true,\"valueName\":\"search_term_string\"}}],\"inLanguage\":\"fr-FR\"},{\"@type\":\"Organization\",\"@id\":\"https:\/\/www.beachblanquettebabylon.com\/#organization\",\"name\":\"Beach Blanquette Babylon\",\"url\":\"https:\/\/www.beachblanquettebabylon.com\/\",\"logo\":{\"@type\":\"ImageObject\",\"inLanguage\":\"fr-FR\",\"@id\":\"https:\/\/www.beachblanquettebabylon.com\/#\/schema\/logo\/image\/\",\"url\":\"https:\/\/www.beachblanquettebabylon.com\/wp-content\/uploads\/2023\/04\/cropped-logo.png\",\"contentUrl\":\"https:\/\/www.beachblanquettebabylon.com\/wp-content\/uploads\/2023\/04\/cropped-logo.png\",\"width\":469,\"height\":215,\"caption\":\"Beach Blanquette Babylon\"},\"image\":{\"@id\":\"https:\/\/www.beachblanquettebabylon.com\/#\/schema\/logo\/image\/\"}}]}<\/script>\n<!-- \/ Yoast SEO plugin. -->","yoast_head_json":{"title":"Les Artistes - Beach Blanquette Babylon","robots":{"index":"index","follow":"follow","max-snippet":"max-snippet:-1","max-image-preview":"max-image-preview:large","max-video-preview":"max-video-preview:-1"},"canonical":"https:\/\/www.beachblanquettebabylon.com\/index.php\/accueil__trashed\/les-artistes\/","og_locale":"fr_FR","og_type":"article","og_title":"Les Artistes - Beach Blanquette Babylon","og_description":"vintage is in the air Les Artistes Photographes, plasticiens, c\u00e9ramistes, po\u00e8tes vous voulez en savoir un peu plus \u00e0 leur sujet ? C\u2019est ici !","og_url":"https:\/\/www.beachblanquettebabylon.com\/index.php\/accueil__trashed\/les-artistes\/","og_site_name":"Beach Blanquette Babylon","article_modified_time":"2023-12-04T14:08:45+00:00","og_image":[{"url":"https:\/\/www.beachblanquettebabylon.com\/wp-content\/uploads\/2023\/04\/logo.png","type":"","width":"","height":""}],"twitter_card":"summary_large_image","twitter_misc":{"Dur\u00e9e de lecture estim\u00e9e":"2 minutes"},"schema":{"@context":"https:\/\/schema.org","@graph":[{"@type":"WebPage","@id":"https:\/\/www.beachblanquettebabylon.com\/index.php\/accueil__trashed\/les-artistes\/","url":"https:\/\/www.beachblanquettebabylon.com\/index.php\/accueil__trashed\/les-artistes\/","name":"Les Artistes - Beach Blanquette Babylon","isPartOf":{"@id":"https:\/\/www.beachblanquettebabylon.com\/#website"},"primaryImageOfPage":{"@id":"https:\/\/www.beachblanquettebabylon.com\/index.php\/accueil__trashed\/les-artistes\/#primaryimage"},"image":{"@id":"https:\/\/www.beachblanquettebabylon.com\/index.php\/accueil__trashed\/les-artistes\/#primaryimage"},"thumbnailUrl":"https:\/\/www.beachblanquettebabylon.com\/wp-content\/uploads\/2023\/04\/logo.png","datePublished":"2023-04-07T08:19:57+00:00","dateModified":"2023-12-04T14:08:45+00:00","breadcrumb":{"@id":"https:\/\/www.beachblanquettebabylon.com\/index.php\/accueil__trashed\/les-artistes\/#breadcrumb"},"inLanguage":"fr-FR","potentialAction":[{"@type":"ReadAction","target":["https:\/\/www.beachblanquettebabylon.com\/index.php\/accueil__trashed\/les-artistes\/"]}]},{"@type":"ImageObject","inLanguage":"fr-FR","@id":"https:\/\/www.beachblanquettebabylon.com\/index.php\/accueil__trashed\/les-artistes\/#primaryimage","url":"https:\/\/www.beachblanquettebabylon.com\/wp-content\/uploads\/2023\/04\/logo.png","contentUrl":"https:\/\/www.beachblanquettebabylon.com\/wp-content\/uploads\/2023\/04\/logo.png","width":469,"height":215},{"@type":"BreadcrumbList","@id":"https:\/\/www.beachblanquettebabylon.com\/index.php\/accueil__trashed\/les-artistes\/#breadcrumb","itemListElement":[{"@type":"ListItem","position":1,"name":"Accueil","item":"https:\/\/www.beachblanquettebabylon.com\/"},{"@type":"ListItem","position":2,"name":"Les Artistes"}]},{"@type":"WebSite","@id":"https:\/\/www.beachblanquettebabylon.com\/#website","url":"https:\/\/www.beachblanquettebabylon.com\/","name":"Beach Blanquette Babylon","description":"Vintage is in the air !","publisher":{"@id":"https:\/\/www.beachblanquettebabylon.com\/#organization"},"potentialAction":[{"@type":"SearchAction","target":{"@type":"EntryPoint","urlTemplate":"https:\/\/www.beachblanquettebabylon.com\/?s={search_term_string}"},"query-input":{"@type":"PropertyValueSpecification","valueRequired":true,"valueName":"search_term_string"}}],"inLanguage":"fr-FR"},{"@type":"Organization","@id":"https:\/\/www.beachblanquettebabylon.com\/#organization","name":"Beach Blanquette Babylon","url":"https:\/\/www.beachblanquettebabylon.com\/","logo":{"@type":"ImageObject","inLanguage":"fr-FR","@id":"https:\/\/www.beachblanquettebabylon.com\/#\/schema\/logo\/image\/","url":"https:\/\/www.beachblanquettebabylon.com\/wp-content\/uploads\/2023\/04\/cropped-logo.png","contentUrl":"https:\/\/www.beachblanquettebabylon.com\/wp-content\/uploads\/2023\/04\/cropped-logo.png","width":469,"height":215,"caption":"Beach Blanquette Babylon"},"image":{"@id":"https:\/\/www.beachblanquettebabylon.com\/#\/schema\/logo\/image\/"}}]}},"_links":{"self":[{"href":"https:\/\/www.beachblanquettebabylon.com\/index.php\/wp-json\/wp\/v2\/pages\/472","targetHints":{"allow":["GET"]}}],"collection":[{"href":"https:\/\/www.beachblanquettebabylon.com\/index.php\/wp-json\/wp\/v2\/pages"}],"about":[{"href":"https:\/\/www.beachblanquettebabylon.com\/index.php\/wp-json\/wp\/v2\/types\/page"}],"author":[{"embeddable":true,"href":"https:\/\/www.beachblanquettebabylon.com\/index.php\/wp-json\/wp\/v2\/users\/2"}],"replies":[{"embeddable":true,"href":"https:\/\/www.beachblanquettebabylon.com\/index.php\/wp-json\/wp\/v2\/comments?post=472"}],"version-history":[{"count":214,"href":"https:\/\/www.beachblanquettebabylon.com\/index.php\/wp-json\/wp\/v2\/pages\/472\/revisions"}],"predecessor-version":[{"id":5202,"href":"https:\/\/www.beachblanquettebabylon.com\/index.php\/wp-json\/wp\/v2\/pages\/472\/revisions\/5202"}],"wp:attachment":[{"href":"https:\/\/www.beachblanquettebabylon.com\/index.php\/wp-json\/wp\/v2\/media?parent=472"}],"curies":[{"name":"wp","href":"https:\/\/api.w.org\/{rel}","templated":true}]}}